{"id":4965,"date":"2020-05-20T08:32:17","date_gmt":"2020-05-20T08:32:17","guid":{"rendered":"http:\/\/new.majarohwetter.de\/?page_id=4965"},"modified":"2026-04-22T16:36:16","modified_gmt":"2026-04-22T16:36:16","slug":"cv","status":"publish","type":"page","link":"https:\/\/new.majarohwetter.de\/?page_id=4965","title":{"rendered":"CV"},"content":{"rendered":"<div class=\"wpb-content-wrapper\">[vc_row][vc_column][vc_column_text]<div class=\"\">Maja Rohwetter (*1970) has lived and worked in Berlin since 1995 .After studies in philosophy, art and Romance languages at the University of Osnabr\u00fcck from 1990 to 1992, she studied fine arts at the Berlin University of the Arts from 1993 to 1999 and at the Royal College of Fine Arts, Stockholm in 1997. After her masters degree in 1998 at the UdK Berlin, she passed the First State Examination in Fine Arts in 1999 and the Second State Examination in 2005. Since then she has been working as an artist in Berlin. Travel and residency grants have taken her to Sweden and Finland.\u00a0 Her work is shown in institutions and galleries in Europe, UK, Scandinavia and the USA. In addition to her painting, she teaches media design and media theory.\u00a0 She had been a guest lecturer at the HS Wismar and the Arctic University Troms\u00f6.<\/div>\n<div class=\"\">She develops her imagery in a cross medial approach including painting, collage, 3D-Modeling and computer graphics.<\/div>\n<div class=\"\">The tension between reality and virtuality is her central topic, which she was most recently able to explore in depth with a project grant from the German Federal Ministry of Culture and Media.<\/div>[\/vc_column_text][\/vc_column][\/vc_row][vc_row][vc_column][vc_column_text]\n<h2 class=\"wp-block-heading\">CV<\/h2>\n&nbsp;\n\n<div class=\"wp-block-post-excerpt\"><p class=\"wp-block-post-excerpt__excerpt\">Maja Rohwetter (*1970) has lived and worked in Berlin since 1995 .After studies in philosophy, art and Romance languages at the University of Osnabr\u00fcck from 1990 to 1992, she studied fine arts at the Berlin University of the Arts from 1993 to 1999 and at the Royal College of Fine Arts, Stockholm in 1997. After&hellip; <\/p><\/div>&nbsp;\n\n\n<div class=\"wp-block-spacer\" style=\"height: 100px;\" aria-hidden=\"true\"><\/div>\n&nbsp;\n\n\n<figure class=\"wp-block-table is-style-regular\">\n<table>\n<tbody>\n<tr>\n<td>1970<\/td>\n<td>born in B\u00fcnde\/Westfalen, Germany<\/td>\n<\/tr>\n<tr>\n<td>1990<\/td>\n<td>studies in Visual Arts, Romance Language and Philosophy, University of Osnabr\u00fcck<\/td>\n<\/tr>\n<tr>\n<td>1993<\/td>\n<td>HdK Berlin, studies in Fine Arts<\/td>\n<\/tr>\n<tr>\n<td>1997<\/td>\n<td>Royal College of fine Arts, Stockholm (Kungliga Konsth\u00f6gskolan)<\/td>\n<\/tr>\n<tr>\n<td>1998<\/td>\n<td>Meistersch\u00fcler (MfA) HdK Berlin<\/td>\n<\/tr>\n<tr>\n<td><\/td>\n<td>lives and works in Berlin<\/td>\n<\/tr>\n<tr>\n<td><\/td>\n<td><\/td>\n<\/tr>\n<tr>\n<td><strong>grants<\/strong><\/td>\n<td><\/td>\n<\/tr>\n<tr>\n<td>1997<\/td>\n<td>Erasmus\/Daad Stipendium Kungliga Konsth\u00f6gskolan, Stockholm<\/td>\n<\/tr>\n<tr>\n<td>1998<\/td>\n<td>K\u00fcnstlerf\u00f6rderung des Kreises Herford<\/td>\n<\/tr>\n<tr>\n<td>2000<\/td>\n<td>artist in residence, Nykarleby \/ Uusikaarlepyy, Finnland<\/td>\n<\/tr>\n<tr>\n<td><\/td>\n<td>DAAD- Reisestipendium f\u00fcr Bildende K\u00fcnstler, Stockholm<\/td>\n<\/tr>\n<tr>\n<td>2005<\/td>\n<td>6month working stay at ak28, Stockholm<\/td>\n<\/tr>\n<tr>\n<td>2008<\/td>\n<td>Kultur\u00d6sterbotten, artist in residence, Solf, Finnland<\/td>\n<\/tr>\n<tr>\n<td>2015<\/td>\n<td>purchase for the n.b.k. Berlin<\/td>\n<\/tr>\n<tr>\n<td>2020\/21<\/td>\n<td>Projektraumf\u00f6rderung des Berliner Senats ( fu\u0308r Axel Obiger)<\/td>\n<\/tr>\n<tr>\n<td>2021<\/td>\n<td>Projektf\u00f6rderung der Beauftragten der Bundesregierung fu\u0308r Kultur und Medien<\/td>\n<\/tr>\n<tr>\n<td><\/td>\n<td>Ausstellungsf\u00f6rderung der Checkpoint Charlie Stiftung<\/td>\n<\/tr>\n<tr>\n<td>2022<\/td>\n<td>Projektlabor-Arbeitsplatz der AURORA school for ARtists, htw, Berlin<\/td>\n<\/tr>\n<tr>\n<td><\/td>\n<td>Artist in Residence, Bpart Studios, Berlin<\/td>\n<\/tr>\n<tr>\n<td><strong>soloshows<\/strong><\/td>\n<td><\/td>\n<\/tr>\n<tr>\n<td>2024<\/td>\n<td>Et si c\u00b4\u00e9tai \u00e7a, le paradis\u201c ( with Jeanne Susplugas) , Axel Obiger, Berlin, D<\/td>\n<\/tr>\n<tr>\n<td>2022<\/td>\n<td>&#8222;MARKER&#8220;, bpart exhibition, loop- raum fu\u0308r aktuelle kunst, Berlin, D<\/td>\n<\/tr>\n<tr>\n<td><\/td>\n<td>\u201econstellar\u201c, Axel Obiger, Berlin, D ( with Susanne Britz)<\/td>\n<\/tr>\n<tr>\n<td>2021<\/td>\n<td>Akutsprechstunde _ visit\u00e0 d\u00b4urgenza , Axel Obiger, Berlin, D<\/td>\n<\/tr>\n<tr>\n<td>2020<\/td>\n<td>&#8222;voir dire&#8220; (with Sophia Schama), Axel Obiger. Berlin, D<\/td>\n<\/tr>\n<tr>\n<td>2019<\/td>\n<td>&#8222;soft facts&#8220;, Domeij Gallery, Stockholm, S<\/td>\n<\/tr>\n<tr>\n<td>2017<\/td>\n<td>&#8222;Zabriskie Point&#8220; (with Peter Hock), Axel Obiger, Berlin, D<\/td>\n<\/tr>\n<tr>\n<td>2016<\/td>\n<td>&#8222;Escapist Setup&#8220;, Kiosk 24, Herford, D<\/td>\n<\/tr>\n<tr>\n<td><\/td>\n<td>\u201ethread\u201c (with Isabel Kerkermeier), Axel Obiger, Berlin, D<\/td>\n<\/tr>\n<tr>\n<td><\/td>\n<td>Parcours, Domeij Gallery, Stockholm, S<\/td>\n<\/tr>\n<tr>\n<td>2015<\/td>\n<td>&#8222;boden der tatsachen&#8220;, (with Selket Chlupka), Axel Obiger, Berlin<\/td>\n<\/tr>\n<tr>\n<td>2014<\/td>\n<td>&#8222;the shape of things to come&#8220;, (with Alexa Kreissl), Axel Obiger, Berlin<\/td>\n<\/tr>\n<tr>\n<td>2013<\/td>\n<td>&#8222;the delicate balance of terror&#8220; (mit Knut Eckstein) , Galerie Axel Obiger, Berlin, D<\/td>\n<\/tr>\n<tr>\n<td><\/td>\n<td>\u201cextrawelt\u201d, Galerie Kunst2, Heidelberg<\/td>\n<\/tr>\n<tr>\n<td>2012<\/td>\n<td>REH Kunst, Berlin (with Gabriele K\u00fcnne)<\/td>\n<\/tr>\n<tr>\n<td><\/td>\n<td>&#8222;blase&#8220;, Galerie Axel Obiger, Berlin (with Harriet Gro\u00df)<\/td>\n<\/tr>\n<tr>\n<td>2011<\/td>\n<td>&#8222;Space Oddity&#8220;, Stene Projects, Stockholm, S<\/td>\n<\/tr>\n<tr>\n<td>2010<\/td>\n<td>Axel Obiger, Berlin, D (with Gabriele Worgitzki)<\/td>\n<\/tr>\n<tr>\n<td>2008<\/td>\n<td>Platform, Vaasa, FIN<\/td>\n<\/tr>\n<tr>\n<td><\/td>\n<td>&#8222;NURBS\u201c, Br\u00e4ndstr\u00f6m&amp;Stene, Stockholm, S<\/td>\n<\/tr>\n<tr>\n<td>2005<\/td>\n<td>\u201evice city\u201c , Br\u00e4ndstr\u00f6m&amp;Stene, Stockholm, S<\/td>\n<\/tr>\n<tr>\n<td>2004<\/td>\n<td>\u201eurban art stories,\u201c wuthering heights, Malm\u00f6, S<\/td>\n<\/tr>\n<tr>\n<td>2003<\/td>\n<td>A4, Gallery Ahnlund, Ume\u00e5, S<\/td>\n<\/tr>\n<tr>\n<td>2000<\/td>\n<td>\u201efictional hometown\u201c, platform, Vaasa, Fin<\/td>\n<\/tr>\n<tr>\n<td><\/td>\n<td>\u201egr\u00f6\u00dftenteils harmlos\u201c, Doberg-Museum, B\u00fcnde, D 1997<\/td>\n<\/tr>\n<tr>\n<td><\/td>\n<td>\u201eBILLYBILDER\u201c, Interimsgalerie Potsdamer Str.67, Berlin, D<\/td>\n<\/tr>\n<tr>\n<td><strong>groupshows<\/strong><\/td>\n<td><\/td>\n<\/tr>\n<tr>\n<td>2026<\/td>\n<td>Simulation, Fondation La Ruche- Seydoux, Paris, F<\/td>\n<\/tr>\n<tr>\n<td><\/td>\n<td>Supersoftskills, Kunsthaus Essen, D<\/td>\n<\/tr>\n<tr>\n<td><\/td>\n<td>Next Level Shit, Inselgalerie, Belrin ,D<\/td>\n<\/tr>\n<tr>\n<td>2025<\/td>\n<td>PHANTOM \/ GHOST, oficina de arte, Mexico City, CDMX<\/td>\n<\/tr>\n<tr>\n<td><\/td>\n<td>To Be Announced, EL HUB, im Rahmen von BLAM Festival, Mexico City, CDMX<\/td>\n<\/tr>\n<tr>\n<td><\/td>\n<td>WIRRWAR,(mit Alexandra Schlund und Jan Klopfleisch) SCOTTY Berlin, D<\/td>\n<\/tr>\n<tr>\n<td><\/td>\n<td>Remixing analog and digital , XXII. KUIConference on Culture and Computer Science, September 25\u201326, 2025 | Kulturforum Berlin<\/td>\n<\/tr>\n<tr>\n<td><\/td>\n<td>OPEN STUDIOS &amp; Friends, Uferhallen, im Rahmen von \u201cA Hidden Well\u201c, eine Kooperation des n.b.k., der Uferhallen und der Uferstudios Berlin, D<\/td>\n<\/tr>\n<tr>\n<td><\/td>\n<td>Zwischenblicke , European Month of Photography, Berlin, D<\/td>\n<\/tr>\n<tr>\n<td><\/td>\n<td>Compiling Caspar David, Axel Obiger, Berlin, D<\/td>\n<\/tr>\n<tr>\n<td>2024<\/td>\n<td>RE:VISION, 20 Jahre Kunstverein Tiergarten, Galerie Nord, Berlin<\/td>\n<\/tr>\n<tr>\n<td><\/td>\n<td>Alles VI, Studio im Hochhaus, Berlin<\/td>\n<\/tr>\n<tr>\n<td><\/td>\n<td>\u201eTriangulieren\u201c, Opend mind art space ( LA)), taller grafica nahual ( CDMX) , Axel Obiger Berlin BLAM- festival<\/td>\n<\/tr>\n<tr>\n<td><\/td>\n<td>Troubled Kinships, Scotty, Berlin, D<\/td>\n<\/tr>\n<tr>\n<td><\/td>\n<td>LATENZEN, Atelier Jaquet, Berlin, D<\/td>\n<\/tr>\n<tr>\n<td><\/td>\n<td>Tales from a third space, El Palmar, Mexico City, MEX<\/td>\n<\/tr>\n<tr>\n<td>2023<\/td>\n<td>&#8222;ImagiNature&#8220; , Immersive Art Festival, JOALI Maledives, Murandvhoo Atoll<\/td>\n<\/tr>\n<tr>\n<td><\/td>\n<td>&#8222;Jahresgaben&#8220;, Verein der Berliner K\u00fcnstlerinnen 1867, Berlin<\/td>\n<\/tr>\n<tr>\n<td><\/td>\n<td>&#8222;Objects&#8220;, Paper Gallery Manchester \/ Axel Obiger , Berlin \/ Manchester<\/td>\n<\/tr>\n<tr>\n<td>2022<\/td>\n<td>&#8222;entre les Mondes&#8220;, palacete sto Estevao, Lisbon, PT<\/td>\n<\/tr>\n<tr>\n<td><\/td>\n<td>&#8222;Human Electricity&#8220;, MaHalla Berlin<\/td>\n<\/tr>\n<tr>\n<td><\/td>\n<td>\u201eWelten &amp;the big scale\u201c, verein der Berliner K\u00fcnstlerinnen 1867, Kunst H<\/td>\n<\/tr>\n<tr>\n<td><\/td>\n<td>&#8222;WIDERHALL&#8220;, Durden and Ray, LA, CA, USA<\/td>\n<\/tr>\n<tr>\n<td><\/td>\n<td>&#8222;the patience of paper&#8220;, Paper Gallery, Manchester, UK<\/td>\n<\/tr>\n<tr>\n<td><\/td>\n<td>&#8222;by ear&#8220;, Tiger Strikes Asteroid, LA,CA, USA<\/td>\n<\/tr>\n<tr>\n<td><\/td>\n<td>&#8222;Die Obiger Galaxis&#8220;, pre-release der App appARition, Axel Obiger, Berlin, D<\/td>\n<\/tr>\n<tr>\n<td>2021<\/td>\n<td>\u201ePaper on paper\u201c, Paper gally manchester\/ Axel Obiger, UK \/ D<\/td>\n<\/tr>\n<tr>\n<td>2020<\/td>\n<td>&#8222;amorph\u201c, Galerie im Saalbau Neuk\u00f6lln, Berlin<\/td>\n<\/tr>\n<tr>\n<td><\/td>\n<td>&#8222;schwarz- weiss&#8220;, K\u00e4the Kollwitz-Museum, Berlin, D<\/td>\n<\/tr>\n<tr>\n<td><\/td>\n<td>&#8222;Pop up&#8220;, VdBK, Haus Kunst Mitte, Berlin<\/td>\n<\/tr>\n<tr>\n<td><\/td>\n<td>&#8222;at our still lives posed&#8220;, PAPER Gallery, Manchester@ Axel Obiger<\/td>\n<\/tr>\n<tr>\n<td><\/td>\n<td>&#8222;PAPER&#8220;, Axel Obiger@Paper Gallery, Manchester<\/td>\n<\/tr>\n<tr>\n<td>2019<\/td>\n<td>&#8222;Inner landscapes&#8220;, Hilbet Raum, Berlin, D<\/td>\n<\/tr>\n<tr>\n<td><\/td>\n<td>&#8222;Halbschatten&#8220;, Kunstverein Neuk\u00f6lln, Berlin , D<\/td>\n<\/tr>\n<tr>\n<td>2018<\/td>\n<td>Co Lab II, Torrance Art Museum, Los Angeles , CA, US<\/td>\n<\/tr>\n<tr>\n<td><\/td>\n<td>&#8222;\u00dcber Malerei&#8220;, Axel Obiger, Berlin ( mit Jessica Buhlmann, Ulrike Buhl, Isabel Kerkermeier)<\/td>\n<\/tr>\n<tr>\n<td><\/td>\n<td>Ufer Open, Uferhallen, Berlin,D<\/td>\n<\/tr>\n<tr>\n<td><\/td>\n<td>R\u00e4ume II, Eisengie\u00dferei, Berlin- Reinickendorf, D<\/td>\n<\/tr>\n<tr>\n<td><\/td>\n<td>Love Triangle, Gallery Domeij , Stockholm, S (mit Michael Bause, Jessica Buhlmann)<\/td>\n<\/tr>\n<tr>\n<td><\/td>\n<td>Schnell und Schmutzig, Gaswerksiedlung Rummelsburg, Berlin, D<\/td>\n<\/tr>\n<tr>\n<td><\/td>\n<td>Gehag Forum, Berlin, D ( mit Harriet Gro\u00df und Hansj\u00f6rg Schneider)<\/td>\n<\/tr>\n<tr>\n<td>2016<\/td>\n<td>\u201eEscaping Space\u201c, Fullersta G\u00e5rd, Huddinge, S<\/td>\n<\/tr>\n<tr>\n<td>2015<\/td>\n<td>Hj\u00e4rta Spel 2015.02.14\u20142015.05.15 \u2013 Kulturhuset i Vallentuna<\/td>\n<\/tr>\n<tr>\n<td><\/td>\n<td>Hj\u00e4rta Spel 09.05\u20142015.10.25 \u2013 S\u00f6dert\u00e4lje konsthall<\/td>\n<\/tr>\n<tr>\n<td><\/td>\n<td>supermarket Stockholm, Axel Obiger, Berlin<\/td>\n<\/tr>\n<tr>\n<td><\/td>\n<td>Sammlung Axel Obiger | to be continued, Axel Obiger, Berlin<\/td>\n<\/tr>\n<tr>\n<td>2014<\/td>\n<td>NYKARLEBY RECALL \u2013 COMING BACK A retrospective installation in the R\u00e5dhusgalleriet with contributions from former residence artists (AiR program) of the \u201cSvenska Konstskolan i Nykarleby\u201d. Site-specific installations\/Interventions in public spaces of Nykarleby<\/td>\n<\/tr>\n<tr>\n<td><\/td>\n<td>animation#4, SUB URBAN VIDEOLOUNGE, Botersloot 44a, 3011 HH Rotterdam, NL 17.02.2014 &#8211; 09.03.2014 2013<\/td>\n<\/tr>\n<tr>\n<td><\/td>\n<td>SSIIEE THREE; SSIIEE, Berlin D<\/td>\n<\/tr>\n<tr>\n<td><\/td>\n<td>hj\u00e4rta spel, Heart games- a tribute to gaming culture, Lule\u00e5\/Varberg, S<\/td>\n<\/tr>\n<tr>\n<td>2012<\/td>\n<td>hj\u00e4rta spel, Heart games- a tribute to gaming culture, vandringsutst\u00e4llning Datamuseet IT-ceum, Link\u00f6ping \/Stockholm S<\/td>\n<\/tr>\n<tr>\n<td><\/td>\n<td>&#8222;urbane geometrie&#8220;, UBR Galerie, Salzburg ( mit Knut Eckstein und Hein Spellmann), AUT<\/td>\n<\/tr>\n<tr>\n<td><\/td>\n<td>&#8222;pinxit&#8220;, Galerie Forum Amalienpark Berlin (mit Tian Tian Wang, Anja Billing, Alke Brinkmann, Antje Blumenstein)<\/td>\n<\/tr>\n<tr>\n<td>2011<\/td>\n<td>&#8222;watchlist&#8220;, Axel Obiger, Berlin<\/td>\n<\/tr>\n<tr>\n<td><\/td>\n<td>&#8222;xs, s,m,l,xl,&#8220; Axel Obiger, Berlin<\/td>\n<\/tr>\n<tr>\n<td><\/td>\n<td>\u201cpreviews\u201d, Stene Projects. Stockholm, S<\/td>\n<\/tr>\n<tr>\n<td>2009<\/td>\n<td>Stene Projects, Stockholm, S<\/td>\n<\/tr>\n<tr>\n<td>2008<\/td>\n<td>wertmaschine, D\u00fcsseldorf, D<\/td>\n<\/tr>\n<tr>\n<td><\/td>\n<td>Art Copenhagen, brandstromstockholm, DK<\/td>\n<\/tr>\n<tr>\n<td><\/td>\n<td>Toys R Us , Br\u00e4ndstr\u00f6m &amp; Stene, Stockholm, S (Thomas Kvam, Cecilia Edefalk, Noah Lyon, Maja Rohwetter, Spencer Finch, Laurina Paperina, Jan H\u00e5fstr\u00f6m, Clay Ketter, Dejan Antonijevic\u00b4, Boo Ritson, Julia Peirone, Mikael Jansson, Stig Sj\u00f6lund, ROR, International Festival)<\/td>\n<\/tr>\n<tr>\n<td>2007<\/td>\n<td>Rauhes Gl\u00fcck, Kunstverein Tiergarten \/ Galerie Nord, Berlin, D<\/td>\n<\/tr>\n<tr>\n<td>2006<\/td>\n<td>Kabusa Konsthall, (Kristina Jansson, Fillippa Arrias, Anna Finney, Asa Larsson, Maja Rohwetter), Glemingebro,S<\/td>\n<\/tr>\n<tr>\n<td>2005<\/td>\n<td>\u00d6sterbotten, Stundars Museum, Solf, Fin (Ulrika Ferm, Ulrike Kuschel, Susanne Sch\u00e4r&amp; Peter Spillman, Sven Eggers, Maja Rohwetter)<\/td>\n<\/tr>\n<tr>\n<td>2004<\/td>\n<td>Stockholm art fair, Br\u00e4ndstr\u00f6m&amp;Stene, Stockholm, S<\/td>\n<\/tr>\n<tr>\n<td>2003<\/td>\n<td>\u201eUrban hymns\u201c, Br\u00e4ndstr\u00f6m&amp;Stene, Stockholm, S<\/td>\n<\/tr>\n<tr>\n<td><\/td>\n<td>Stockholm art fair, Stockholm, S<\/td>\n<\/tr>\n<tr>\n<td>2002<\/td>\n<td>\u201eAusflug (Exkursion)\u201c, loop-raum f\u00fcr aktuelle Kunst, Berlin, D<\/td>\n<\/tr>\n<tr>\n<td>2001<\/td>\n<td>\u201elevels # 7\u201c, K\u00fcnstlerInnenfotografie\/Bildproduktion, Parkhaus Treptow, Berlin, D<\/td>\n<\/tr>\n<tr>\n<td><\/td>\n<td>\u201etastes like art\u201c , mobiles Ausstellungsprojekt in a caravan,\u00d6sterbotten, Fin<\/td>\n<\/tr>\n<tr>\n<td><\/td>\n<td>\u201e4D\u201c, city art hall, Vaasa, Fin<\/td>\n<\/tr>\n<tr>\n<td><\/td>\n<td>\u201e4D\u201c, Goetheinstitut Helsinki, Fin<\/td>\n<\/tr>\n<tr>\n<td>2000<\/td>\n<td>\u201eNordkap\u201c, Kulturamt Prenzlauer Berg, Berlin,D<\/td>\n<\/tr>\n<tr>\n<td><\/td>\n<td>\u201eSATELLIT\u201c, Berlin-Pavillion, Str. des 17 Juni, Berlin im Rahmen von \u201eZ2000\u2013 Positionen aktueller Kunst und Kultur\u201c,Akademie der K\u00fcnste, Berlin,D<\/td>\n<\/tr>\n<tr>\n<td><\/td>\n<td>\u201egr\u00f6\u00dftenteils harmlos\u201c, Doberg-Museum, B\u00fcnde,D<\/td>\n<\/tr>\n<tr>\n<td><\/td>\n<td>\u201enormal\u201c, Karl-Hofer-Gesellschaft Berlin,D<\/td>\n<\/tr>\n<tr>\n<td>1998<\/td>\n<td>\u201eSystemst\u00f6rung\u201c- art project in the railway station of Halle\/Saale, D<\/td>\n<\/tr>\n<tr>\n<td><\/td>\n<td>\u201eFerngespr\u00e4che\u201c &#8211; art project in the station \u201eBahnhof Zoo\u201c, Berlin ,D<\/td>\n<\/tr>\n<tr>\n<td>1997<\/td>\n<td>\u201eBILLYBILDER\u201c, Interimsgalerie Potsdamer Str.67, Berlin,D<\/td>\n<\/tr>\n<tr>\n<td><\/td>\n<td>\u201eHinspiel-R\u00fcckspiel\u201c, Ausstellungsprojekt Berlin\/Vilnius, D\/LIT<\/td>\n<\/tr>\n<tr>\n<td><\/td>\n<td>\u201eactualisacija-2\u201c, Menolyga Palace, Vilnius,LIT<\/td>\n<\/tr>\n<\/tbody>\n<\/table>\n<\/figure>\n[\/vc_column_text][\/vc_column][\/vc_row]<\/div>","protected":false},"excerpt":{"rendered":"<p>Maja Rohwetter (*1970) has lived and worked in Berlin since 1995 .After studies in philosophy, art and Romance languages at the University of Osnabr\u00fcck from 1990 to 1992, she studied fine arts at the Berlin University of the Arts from 1993 to 1999 and at the Royal College of Fine Arts, Stockholm in 1997. After her masters degree in 1998 at the UdK Berlin, she passed the First State Examination in Fine Arts in 1999 and the Second State Examination in 2005. Since then she has been working as an artist in Berlin. Travel and residency grants have taken her to Sweden and Finland.\u00a0 Her work is shown in institutions and galleries in Europe, UK, Scandinavia and the USA. In addition to her painting, she teaches media design and media theory.\u00a0 She had been a guest lecturer at the HS Wismar and the Arctic University Troms\u00f6.\u00a0<br \/>She develops her imagery in a cross medial approach including painting, collage, 3D-Modeling and computer graphics.<br \/>The tension between reality and virtuality is her central topic, which she was most recently able to explore in depth with a project grant from the German Federal Ministry of Culture and Media.\u00a0<\/p>\n","protected":false},"author":1,"featured_media":0,"parent":4741,"menu_order":0,"comment_status":"closed","ping_status":"closed","template":"","meta":{"_acf_changed":false,"footnotes":""},"class_list":["post-4965","page","type-page","status-publish","hentry"],"acf":[],"_links":{"self":[{"href":"https:\/\/new.majarohwetter.de\/index.php?rest_route=\/wp\/v2\/pages\/4965","targetHints":{"allow":["GET"]}}],"collection":[{"href":"https:\/\/new.majarohwetter.de\/index.php?rest_route=\/wp\/v2\/pages"}],"about":[{"href":"https:\/\/new.majarohwetter.de\/index.php?rest_route=\/wp\/v2\/types\/page"}],"author":[{"embeddable":true,"href":"https:\/\/new.majarohwetter.de\/index.php?rest_route=\/wp\/v2\/users\/1"}],"replies":[{"embeddable":true,"href":"https:\/\/new.majarohwetter.de\/index.php?rest_route=%2Fwp%2Fv2%2Fcomments&post=4965"}],"version-history":[{"count":52,"href":"https:\/\/new.majarohwetter.de\/index.php?rest_route=\/wp\/v2\/pages\/4965\/revisions"}],"predecessor-version":[{"id":5993,"href":"https:\/\/new.majarohwetter.de\/index.php?rest_route=\/wp\/v2\/pages\/4965\/revisions\/5993"}],"up":[{"embeddable":true,"href":"https:\/\/new.majarohwetter.de\/index.php?rest_route=\/wp\/v2\/pages\/4741"}],"wp:attachment":[{"href":"https:\/\/new.majarohwetter.de\/index.php?rest_route=%2Fwp%2Fv2%2Fmedia&parent=4965"}],"curies":[{"name":"wp","href":"https:\/\/api.w.org\/{rel}","templated":true}]}}